{"id":172,"date":"2026-02-13T17:40:38","date_gmt":"2026-02-13T15:40:38","guid":{"rendered":"https:\/\/dev.wrkshp.fi\/carpa9\/?page_id=172"},"modified":"2026-03-24T09:37:56","modified_gmt":"2026-03-24T07:37:56","slug":"publication-details","status":"publish","type":"page","link":"https:\/\/nivel.teak.fi\/carpa9\/","title":{"rendered":"Publication details"},"content":{"rendered":"\n<h3 class=\"wp-block-heading\">CARPA9 \u2013 Colloquium on Artistic Research in Performing Arts<\/h3>\n\n\n\n<p>Aug 28\u201330, 2025<\/p>\n\n\n\n<p>Performing Arts Research Centre, Theatre Academy<br>University of the Arts Helsinki<\/p>\n\n\n\n<h3 class=\"wp-block-heading\">Proceedings editors<\/h3>\n\n\n\n<p><a href=\".\/bio\/vera-boitcova\">Vera Boitcova<\/a> and <a href=\".\/bio\/sussu-laaksonen\">Sussu Laaksonen<\/a><\/p>\n\n\n\n<h3 class=\"wp-block-heading\">Proceedings contributors<\/h3>\n\n\n\n<p><a href=\".\/bio\/kitija-balcare\">Kitija\u00a0Balcare<\/a>, <a href=\".\/bio\/thomas-ballhausen\">Thomas\u00a0Ballhausen<\/a>, <a href=\".\/bio\/alba-balmaseda-dominguez\">Alba\u00a0Balmaseda\u00a0Dom\u00ednguez<\/a>, <a href=\".\/bio\/anne-lise-brevers\">Anne-Lise\u00a0Brevers<\/a>, <a href=\".\/bio\/anna-chrtkova\">Anna\u00a0Chrtkov\u00e1<\/a>, <a href=\".\/bio\/marianne-decoster-taivalkoski\">Marianne\u00a0Decoster-Taivalkoski<\/a>, <a href=\".\/bio\/paul-divjak\">Paul\u00a0Divjak<\/a>, <a href=\".\/bio\/katy-downton\">Katy\u00a0Downton<\/a>, <a href=\".\/bio\/germain-ducros\">Germain\u00a0Ducros<\/a>, <a href=\".\/bio\/juliana-espana-keller\">Juliana&nbsp;Espa\u00f1a&nbsp;Keller<\/a>, <a href=\".\/bio\/carly-everaert\">Carly&nbsp;Everaert<\/a>, <a href=\".\/bio\/raisa-foster\">Raisa&nbsp;Foster<\/a>, <a href=\".\/bio\/aldith-gauci\">Aldith&nbsp;Gauci<\/a>, Alexandra&nbsp;Graupner, <a href=\".\/bio\/marija-griniuk\">Marija&nbsp;Griniuk<\/a>, <a href=\".\/bio\/riina-hannula\">Riina&nbsp;Hannula<\/a>, <a href=\".\/bio\/marika-hedemyr\">Marika&nbsp;Hedemyr<\/a>, Anna-Maria&nbsp;Irgang, <a href=\".\/bio\/gretchen-jude\">Gretchen&nbsp;Jude<\/a>, <a href=\".\/bio\/raisa-kilpelainen\">Raisa&nbsp;Kilpel\u00e4inen<\/a>, <a href=\".\/bio\/monika-klimaite-dauniene\">Monika&nbsp;Klimait\u0117-Daunien\u0117<\/a>, <a href=\".\/bio\/joonas-lahtinen\">Joonas&nbsp;Lahtinen<\/a>, <a href=\".\/bio\/oona-leinovirtanen\">Oona&nbsp;Leinovirtanen<\/a>, <a href=\".\/bio\/andrea-franco-marin\">Andrea&nbsp;Franco&nbsp;Mar\u00edn<\/a>, <a href=\".\/bio\/milla-martikainen\">Milla&nbsp;Martikainen<\/a>, <a href=\".\/bio\/maedy-de-miranda\">Maedy&nbsp;de&nbsp;Miranda<\/a>, <a href=\".\/bio\/kaajal-modi\">Kaajal&nbsp;Modi<\/a>, <a href=\".\/bio\/jeanette-mueller\">Jeanette&nbsp;Mueller<\/a>, <a href=\".\/bio\/alejandro-olarte\">Alejandro&nbsp;Olarte<\/a>, <a href=\".\/bio\/hiroko-oshima\/\">Hiroko&nbsp;Oshima<\/a>, <a href=\".\/bio\/snezana-pesic\">Sne\u017eana&nbsp;Pe\u0161i\u0107<\/a>, <a href=\".\/bio\/elena-peytchinska\">Elena&nbsp;Peytchinska<\/a>, <a href=\".\/bio\/dylan-van-den-berg\">Dylan&nbsp;Van&nbsp;Den&nbsp;Berg<\/a>, <a href=\".\/bio\/pascale-weber\">Pascale&nbsp;Weber<\/a>, <a href=\".\/bio\/rachel-young\">Rachel&nbsp;Young<\/a>.<\/p>\n\n\n\n<h3 class=\"wp-block-heading\">Cover image<\/h3>\n\n\n\n<p>Intricated playing. Photo Jean Delsaux<\/p>\n\n\n\n<h3 class=\"wp-block-heading\">Proceedings web design<\/h3>\n\n\n\n<p><a href=\"https:\/\/wrkshp.fi\/\" target=\"_blank\" rel=\"noreferrer noopener\">wrkshp.fi<\/a><\/p>\n\n\n\n<h3 class=\"wp-block-heading\">Publisher<\/h3>\n\n\n\n<p>Theatre Academy, University of the Arts Helsinki<\/p>\n\n\n\n<h3 class=\"wp-block-heading\">\u00a9 2026<\/h3>\n\n\n\n<p>Contributors &amp; editors, Performing Arts Research Centre (TUTKE),<br>Theatre Academy of the University of the Arts Helsinki&nbsp;<\/p>\n\n\n\n<p><strong>ISBN 978-952-353-104-8<br>ISSN 2341-9679<\/strong><\/p>\n\n\n\n<p><a href=\"https:\/\/urn.fi\/URN:ISBN:978-952-353-104-8\">URN:ISBN:978-952-353-104-8<\/a><\/p>\n\n\n\n<p><strong>Nivel 23 Publication Series of the Theatre Academy,<\/strong><br><strong>University of the Arts Helsinki<\/strong><\/p>\n","protected":false},"excerpt":{"rendered":"<p>CARPA9 \u2013 Colloquium on Artistic Research in Performing Arts Aug 28\u201330, 2025 Performing Arts Research [&hellip;]<\/p>\n","protected":false},"author":2,"featured_media":0,"parent":0,"menu_order":0,"comment_status":"closed","ping_status":"closed","template":"","meta":{"_acf_changed":false,"footnotes":""},"class_list":["post-172","page","type-page","status-publish","hentry"],"acf":[],"_links":{"self":[{"href":"https:\/\/nivel.teak.fi\/carpa9\/wp-json\/wp\/v2\/pages\/172","targetHints":{"allow":["GET"]}}],"collection":[{"href":"https:\/\/nivel.teak.fi\/carpa9\/wp-json\/wp\/v2\/pages"}],"about":[{"href":"https:\/\/nivel.teak.fi\/carpa9\/wp-json\/wp\/v2\/types\/page"}],"author":[{"embeddable":true,"href":"https:\/\/nivel.teak.fi\/carpa9\/wp-json\/wp\/v2\/users\/2"}],"replies":[{"embeddable":true,"href":"https:\/\/nivel.teak.fi\/carpa9\/wp-json\/wp\/v2\/comments?post=172"}],"version-history":[{"count":24,"href":"https:\/\/nivel.teak.fi\/carpa9\/wp-json\/wp\/v2\/pages\/172\/revisions"}],"predecessor-version":[{"id":1431,"href":"https:\/\/nivel.teak.fi\/carpa9\/wp-json\/wp\/v2\/pages\/172\/revisions\/1431"}],"wp:attachment":[{"href":"https:\/\/nivel.teak.fi\/carpa9\/wp-json\/wp\/v2\/media?parent=172"}],"curies":[{"name":"wp","href":"https:\/\/api.w.org\/{rel}","templated":true}]}}