{"id":1041,"date":"2020-10-09T12:26:11","date_gmt":"2020-10-09T09:26:11","guid":{"rendered":"https:\/\/nivel.teak.fi\/tanssi-yliopistossa\/?page_id=1041"},"modified":"2026-01-21T11:44:53","modified_gmt":"2026-01-21T09:44:53","slug":"saavutettavuusseloste","status":"publish","type":"page","link":"https:\/\/nivel.teak.fi\/tanssi-yliopistossa\/saavutettavuusseloste\/","title":{"rendered":"Saavutettavuusseloste"},"content":{"rendered":"<p>T&auml;m&auml; saavutettavuusseloste koskee nivel.teak.fi\/tanssi-yliopistossa verkkosivustoa ja on laadittu 20.1.2026.<\/p>\n\n\n\n<h2 class=\"wp-block-heading\">Digipalvelun saavutettavuuden tila<\/h2>\n\n\n\n<p>T&auml;ytt&auml;&auml; kriittiset saavutettavuusvaatimukset.<\/p>\n\n\n\n<p>Saavutettavuus on otettu huomioon sivustolla jo monelta osin eritt&auml;in hyvin. T&auml;m&auml; n&auml;kyy etenkin tekstien ja k&auml;ytt&ouml;liittym&auml;elementtien kontrasteissa, sivujen sis&auml;lt&ouml;jen HTML-rakenteissa.<\/p>\n\n\n\n<h3 class=\"wp-block-heading\">Ep&auml;selvi&auml; linkkitekstej&auml;<\/h3>\n\n\n\n<p>Osalla sivuista linkkitekstin tarkoitus ei ole kaikissa tilanteissa yksiselitteinen.<\/p>\n\n\n\n<p>Saavutettavuusvaatimus, joka ei t&auml;yty: 2.4.4 Linkin tarkoitus (kontekstissa)<\/p>\n\n\n\n<h2 class=\"wp-block-heading\">L&auml;het&auml; meille palautetta saavutettavuuspuutteista<\/h2>\n\n\n\n<p>Huomasitko saavutettavuuspuutteen digipalvelussamme? Kerro se meille ja teemme parhaamme puutteen korjaamiseksi.<\/p>\n\n\n\n<h3 class=\"wp-block-heading\">S&auml;hk&ouml;postilla<\/h3>\n\n\n\n<p>L&auml;het&auml; palaute osoitteeseen verkkosisallot(at)uniarts.fi. Vastaamme sinulle mahdollisimman pian.<\/p>\n\n\n\n<h2 class=\"wp-block-heading\">Valvontaviranomainen<\/h2>\n\n\n\n<p>Jos huomaat sivustolla saavutettavuusongelmia, anna ensin palautetta meille eli sivuston yll&auml;pit&auml;j&auml;lle. Vastauksessa voi menn&auml; 14 p&auml;iv&auml;&auml;. Jos et ole tyytyv&auml;inen saamaasi vastaukseen tai et saa vastausta lainkaan kahden viikon aikana, voit tehd&auml; ilmoituksen Liikenne- ja viestint&auml;virasto Traficomiin.<\/p>\n\n\n\n<h3 class=\"wp-block-heading\">Valvontaviranomaisen yhteystiedot<\/h3>\n\n\n\n<p>Liikenne- ja viestint&auml;virasto Traficom<br>Digitaalisen esteett&ouml;myyden ja saavutettavuuden valvontayksikk&ouml;<br>www.saavutettavuusvaatimukset.fi<br>saavutettavuus(at)traficom.fi<br>puhelinnumero vaihde 029 534 5000<\/p>\n\n\n\n<p><\/p>\n","protected":false},"excerpt":{"rendered":"<p>T\u00e4m\u00e4 saavutettavuusseloste koskee nivel.teak.fi\/tanssi-yliopistossa verkkosivustoa ja on laadittu 20.1.2026. Digipalvelun saavutettavuuden tila T\u00e4ytt\u00e4\u00e4 kriittiset saavutettavuusvaatimukset. [&hellip;]<\/p>\n","protected":false},"author":2,"featured_media":0,"parent":0,"menu_order":0,"comment_status":"closed","ping_status":"closed","template":"","meta":{"_acf_changed":false,"footnotes":""},"class_list":["post-1041","page","type-page","status-publish","hentry"],"acf":[],"_links":{"self":[{"href":"https:\/\/nivel.teak.fi\/tanssi-yliopistossa\/wp-json\/wp\/v2\/pages\/1041","targetHints":{"allow":["GET"]}}],"collection":[{"href":"https:\/\/nivel.teak.fi\/tanssi-yliopistossa\/wp-json\/wp\/v2\/pages"}],"about":[{"href":"https:\/\/nivel.teak.fi\/tanssi-yliopistossa\/wp-json\/wp\/v2\/types\/page"}],"author":[{"embeddable":true,"href":"https:\/\/nivel.teak.fi\/tanssi-yliopistossa\/wp-json\/wp\/v2\/users\/2"}],"replies":[{"embeddable":true,"href":"https:\/\/nivel.teak.fi\/tanssi-yliopistossa\/wp-json\/wp\/v2\/comments?post=1041"}],"version-history":[{"count":5,"href":"https:\/\/nivel.teak.fi\/tanssi-yliopistossa\/wp-json\/wp\/v2\/pages\/1041\/revisions"}],"predecessor-version":[{"id":1296,"href":"https:\/\/nivel.teak.fi\/tanssi-yliopistossa\/wp-json\/wp\/v2\/pages\/1041\/revisions\/1296"}],"wp:attachment":[{"href":"https:\/\/nivel.teak.fi\/tanssi-yliopistossa\/wp-json\/wp\/v2\/media?parent=1041"}],"curies":[{"name":"wp","href":"https:\/\/api.w.org\/{rel}","templated":true}]}}