{"id":1280,"date":"2026-01-20T13:53:37","date_gmt":"2026-01-20T11:53:37","guid":{"rendered":"https:\/\/dev.wrkshp.fi\/tanssi-yliopistossa\/?page_id=1280"},"modified":"2026-01-20T13:53:38","modified_gmt":"2026-01-20T11:53:38","slug":"tietosuojaseloste","status":"publish","type":"page","link":"https:\/\/nivel.teak.fi\/tanssi-yliopistossa\/tietosuojaseloste\/","title":{"rendered":"Tietosuojaseloste"},"content":{"rendered":"<h2 class=\"wp-block-heading\">Keit&auml; olemme<\/h2>\n\n\n\n<p>Verkkosivuston osoite on https:\/\/nivel.teak.fi\/tanssi-yliopistossa.<\/p>\n\n\n\n<h2 class=\"wp-block-heading\">Mit&auml; henkil&ouml;tietoa ker&auml;&auml;mme ja miksi<\/h2>\n\n\n\n<p>Emme ker&auml;&auml; henkil&ouml;tietoja. Vierailijat eiv&auml;t voi kommentoida tai ladata kuvia t&auml;lle sivustolle.&nbsp;<\/p>\n\n\n\n<h2 class=\"wp-block-heading\">Ev&auml;steet&nbsp;<\/h2>\n\n\n\n<p>Sivusto ei k&auml;yt&auml; ev&auml;steit&auml;. Sivuston k&auml;ytt&ouml; ei edellyt&auml; henkil&ouml;tietojen k&auml;sittely&auml;, eik&auml; k&auml;ytt&auml;j&auml;st&auml; ker&auml;t&auml; tunnistetietoja.<\/p>\n\n\n\n<h2 class=\"wp-block-heading\">Upotettu sis&auml;lt&ouml; muilta verkkosivustoilta&nbsp;<\/h2>\n\n\n\n<p>T&auml;ll&auml; sivustolla on ei ole upotettua sis&auml;lt&ouml;&auml; muilta verkkosivuilta.<\/p>\n\n\n\n<h2 class=\"wp-block-heading\">Analytiikka<\/h2>\n\n\n\n<p>Emme tee k&auml;vij&auml;seurantaa sivustollamme.<\/p>\n","protected":false},"excerpt":{"rendered":"<p>Keit\u00e4 olemme Verkkosivuston osoite on https:\/\/nivel.teak.fi\/tanssi-yliopistossa. Mit\u00e4 henkil\u00f6tietoa ker\u00e4\u00e4mme ja miksi Emme ker\u00e4\u00e4 henkil\u00f6tietoja. Vierailijat [&hellip;]<\/p>\n","protected":false},"author":2,"featured_media":0,"parent":0,"menu_order":0,"comment_status":"closed","ping_status":"closed","template":"","meta":{"_acf_changed":false,"footnotes":""},"class_list":["post-1280","page","type-page","status-publish","hentry"],"acf":[],"_links":{"self":[{"href":"https:\/\/nivel.teak.fi\/tanssi-yliopistossa\/wp-json\/wp\/v2\/pages\/1280","targetHints":{"allow":["GET"]}}],"collection":[{"href":"https:\/\/nivel.teak.fi\/tanssi-yliopistossa\/wp-json\/wp\/v2\/pages"}],"about":[{"href":"https:\/\/nivel.teak.fi\/tanssi-yliopistossa\/wp-json\/wp\/v2\/types\/page"}],"author":[{"embeddable":true,"href":"https:\/\/nivel.teak.fi\/tanssi-yliopistossa\/wp-json\/wp\/v2\/users\/2"}],"replies":[{"embeddable":true,"href":"https:\/\/nivel.teak.fi\/tanssi-yliopistossa\/wp-json\/wp\/v2\/comments?post=1280"}],"version-history":[{"count":1,"href":"https:\/\/nivel.teak.fi\/tanssi-yliopistossa\/wp-json\/wp\/v2\/pages\/1280\/revisions"}],"predecessor-version":[{"id":1281,"href":"https:\/\/nivel.teak.fi\/tanssi-yliopistossa\/wp-json\/wp\/v2\/pages\/1280\/revisions\/1281"}],"wp:attachment":[{"href":"https:\/\/nivel.teak.fi\/tanssi-yliopistossa\/wp-json\/wp\/v2\/media?parent=1280"}],"curies":[{"name":"wp","href":"https:\/\/api.w.org\/{rel}","templated":true}]}}