{"id":1169,"date":"2014-10-24T15:15:39","date_gmt":"2014-10-24T12:15:39","guid":{"rendered":"http:\/\/nivel.teak.fi\/tanssiva-tutkimus\/?page_id=1169"},"modified":"2014-10-27T11:46:16","modified_gmt":"2014-10-27T09:46:16","slug":"cover","status":"publish","type":"page","link":"https:\/\/nivel.teak.fi\/tanssiva-tutkimus\/","title":{"rendered":"Cover"},"content":{"rendered":"<h1 class=\"frontpage\"><em>Tanssiva tutkimus:<\/em><\/h1>\n<h1 class=\"frontpage2\">Tanssintutkimuksen menetelmi&auml; ja l&auml;hestymistapoja <em>HANNA J&Auml;RVINEN &amp; LEENA ROUHIAINEN (TOIM.)<\/em><\/h1>\n<div class=\"pubdetails forprint\">\n<h3>Nordic Forum for Dance Research (NOFOD)&nbsp;j&auml;rjest&ouml;n Suomen jaosto<\/h3>\n<h3>JULKAISIJA&nbsp;Taideyliopiston Teatterikorkeakoulu<\/h3>\n<h3>&copy; Taideyliopiston Teatterikorkeakoulu ja Tekij&auml;t<\/h3>\n<h3>NIVEL 3<\/h3>\n<h3>ISBN: 978-952-6670-46-1<br>\nISSN: 2341-9679<\/h3>\n<h3>Web design <em>&nbsp;<a href=\"http:\/\/wrkshp.fi\/\" target=\"_blank\">wrkshp.fi<\/a><\/em><\/h3>\n<\/div>","protected":false},"excerpt":{"rendered":"<p>Tanssiva tutkimus: Tanssintutkimuksen menetelmi\u00e4 ja l\u00e4hestymistapoja HANNA J\u00c4RVINEN &amp; LEENA ROUHIAINEN (TOIM.) Nordic Forum for Dance Research (NOFOD)\u00a0j\u00e4rjest\u00f6n Suomen jaosto JULKAISIJA\u00a0Taideyliopiston Teatterikorkeakoulu \u00a9 Taideyliopiston Teatterikorkeakoulu ja Tekij\u00e4t NIVEL 3 ISBN: 978-952-6670-46-1 ISSN: 2341-9679 Web design \u00a0wrkshp.fi<\/p>\n","protected":false},"author":2,"featured_media":0,"parent":0,"menu_order":0,"comment_status":"open","ping_status":"open","template":"","meta":[],"_links":{"self":[{"href":"https:\/\/nivel.teak.fi\/tanssiva-tutkimus\/wp-json\/wp\/v2\/pages\/1169"}],"collection":[{"href":"https:\/\/nivel.teak.fi\/tanssiva-tutkimus\/wp-json\/wp\/v2\/pages"}],"about":[{"href":"https:\/\/nivel.teak.fi\/tanssiva-tutkimus\/wp-json\/wp\/v2\/types\/page"}],"author":[{"embeddable":true,"href":"https:\/\/nivel.teak.fi\/tanssiva-tutkimus\/wp-json\/wp\/v2\/users\/2"}],"replies":[{"embeddable":true,"href":"https:\/\/nivel.teak.fi\/tanssiva-tutkimus\/wp-json\/wp\/v2\/comments?post=1169"}],"version-history":[{"count":8,"href":"https:\/\/nivel.teak.fi\/tanssiva-tutkimus\/wp-json\/wp\/v2\/pages\/1169\/revisions"}],"predecessor-version":[{"id":1197,"href":"https:\/\/nivel.teak.fi\/tanssiva-tutkimus\/wp-json\/wp\/v2\/pages\/1169\/revisions\/1197"}],"wp:attachment":[{"href":"https:\/\/nivel.teak.fi\/tanssiva-tutkimus\/wp-json\/wp\/v2\/media?parent=1169"}],"curies":[{"name":"wp","href":"https:\/\/api.w.org\/{rel}","templated":true}]}}